{"id":3,"date":"2023-10-29T10:19:55","date_gmt":"2023-10-29T09:19:55","guid":{"rendered":"http:\/\/www.studioadvlab.com\/?page_id=3"},"modified":"2024-11-18T17:08:20","modified_gmt":"2024-11-18T16:08:20","slug":"privacy-policy","status":"publish","type":"page","link":"https:\/\/www.artevideo.net\/eng\/privacy-policy\/","title":{"rendered":"Privacy Policy"},"content":{"rendered":"<div data-elementor-type=\"wp-page\" data-elementor-id=\"3\" class=\"elementor elementor-3\">\n\t\t\t\t<div class=\"elementor-element elementor-element-7612e117 e-flex e-con-boxed e-con e-parent\" data-id=\"7612e117\" data-element_type=\"container\">\n\t\t\t\t\t<div class=\"e-con-inner\">\n\t\t\t\t<div class=\"elementor-element elementor-element-a8f4744 elementor-widget elementor-widget-text-editor\" data-id=\"a8f4744\" data-element_type=\"widget\" data-widget_type=\"text-editor.default\">\n\t\t\t\t<div class=\"elementor-widget-container\">\n\t\t\t\t\t\t\t\t\t<p><strong>Salvataggio dei dati personali attraverso i cookies<br \/><\/strong>Il presente sito utilizza alcune tipologie di cookie al fine di evitare il ricorso ad altre tecniche informatiche potenzialmente pregiudizievoli per la riservatezza della navigazione degli utenti. in particolare il sito utilizza c.d. cookie tecnici, ossia quelli che, ai sensi di quanto sancito dal provvedimento del garante privacy n. 229 dell\u00b48 maggio 2014 recante \u201cindividuazione delle modalit\u00e0 semplificate per l\u00b4informativa e l\u00b4acquisizione del consenso per l\u00b4uso dei cookie\u201d, sono utilizzati al solo fine di \u201ceffettuare la trasmissione di una comunicazione su una rete di comunicazione elettronica, o nella misura strettamente necessaria al fornitore di un servizio della societ\u00e0 dell\u00b4informazione esplicitamente richiesto dall\u00b4abbonato o dall\u00b4utente a erogare tale servizio\u201d (cfr. art. 122, comma 1, del codice).<br \/>in particolare il presente sito utilizza:<br \/>1. cookie di navigazione o di sessione, che garantiscono la normale navigazione e fruizione del sito web;<br \/>2. cookie analytics, utilizzati direttamente dal gestore del sito per raccogliere informazioni, in forma aggregata, sul numero degli utenti e su come questi visitano il sito stesso;<\/p><p>si precisa, infine, che non vengono utilizzati c.d. \u201ccookie di profilazione\u201d di cui al suddetto provvedimento.<br \/>attenzione! naturalmente \u00e8 possibile visitare il sito anche senza i cookie, anche se in questo caso potrebbe non essere possibile usufruire a pieno di tutte le sue funzionalit\u00e0 o dei servizi offerti. la maggior parte dei browser accetta i cookie automaticamente. si pu\u00f2 evitare la registrazione automatica dei cookie selezionando l\u00b4opzione \u201cnon accettare i cookie\u201d fra quelle proposte. per avere ulteriori informazioni su come effettuare questa operazione si pu\u00f2 fare riferimento alle istruzioni del browser. \u00e9 possibile cancellare in ogni momento eventuali cookies gi\u00e0 archiviati sul disco rigido.<\/p><p>per informazioni pi\u00f9 dettagliate in riferimento alle opzioni di disabilitazione dei cookie ecco l\u00b4elenco dei link per la configurazione dei browser.<\/p><p>ulteriori informazioni sulla disabilitazione dei cookie su firefox<br \/>ulteriori informazioni sulla disabilitazione dei cookie su chrome<br \/>ulteriori informazioni sulla disabilitazione dei cookie su internet explorer<br \/>ulteriori informazioni sulla disabilitazione dei cookie su safari<br \/>ulteriori informazioni sulla disabilitazione dei cookie su opera.<\/p><p><strong>Privacy policy<\/strong><br \/>informativa ai sensi dell\u00b4 art. 13 del decreto legislativo 30 giugno 2003 n. 196 (\u201ccodice della privacy\u201d)<br \/>la presente informativa \u00e9 redatta, ai sensi dell\u00b4art. 13 del codice della privacy, da Arte Video srl., in relazione ai dati personali conferiti dagli utenti al sito www.artevideo.net (\u201cil sito\u201d) in occasione dell\u00b4accesso e\/o della registrazione e\/o della richiesta di preventivo da parte degli utenti.<\/p><p>in questa sede vengono volutamente ripresi i contenuti della privacy policy predisposta dall\u00b4autorit\u00e0 garante per la protezione dei dati personali in relazione al trattamento di dati personali degli utenti che si collegano al sito web ufficiale www.garanteprivacy.it.<br \/>titolare del trattamento<br \/>il titolare del trattamento \u00e8 Arte Video srl, Roma (RM) 00187 \u2013 via Barberini, 29 \u2013 Italy.<br \/>\u00e9 possibile contattare il titolare tramite telefono (+390432923649 ), e-mail (info@artevideo.net).<br \/>per maggiori informazioni potete contattare il titolare ai recapiti sopraindicati.<\/p>\t\t\t\t\t\t\t\t<\/div>\n\t\t\t\t<\/div>\n\t\t\t\t\t<\/div>\n\t\t\t\t<\/div>\n\t\t\t\t<\/div>","protected":false},"excerpt":{"rendered":"<p>Salvataggio dei dati personali attraverso i cookiesIl presente sito utilizza alcune tipologie di cookie al fine di evitare il ricorso ad altre tecniche informatiche potenzialmente pregiudizievoli per la riservatezza della navigazione degli utenti. in particolare il sito utilizza c.d. cookie tecnici, ossia quelli che, ai sensi di quanto sancito dal provvedimento del garante privacy n. [&hellip;]<\/p>","protected":false},"author":1,"featured_media":0,"parent":0,"menu_order":0,"comment_status":"closed","ping_status":"open","template":"","meta":{"footnotes":""},"class_list":["post-3","page","type-page","status-publish","hentry"],"_links":{"self":[{"href":"https:\/\/www.artevideo.net\/eng\/wp-json\/wp\/v2\/pages\/3","targetHints":{"allow":["GET"]}}],"collection":[{"href":"https:\/\/www.artevideo.net\/eng\/wp-json\/wp\/v2\/pages"}],"about":[{"href":"https:\/\/www.artevideo.net\/eng\/wp-json\/wp\/v2\/types\/page"}],"author":[{"embeddable":true,"href":"https:\/\/www.artevideo.net\/eng\/wp-json\/wp\/v2\/users\/1"}],"replies":[{"embeddable":true,"href":"https:\/\/www.artevideo.net\/eng\/wp-json\/wp\/v2\/comments?post=3"}],"version-history":[{"count":3,"href":"https:\/\/www.artevideo.net\/eng\/wp-json\/wp\/v2\/pages\/3\/revisions"}],"predecessor-version":[{"id":1270,"href":"https:\/\/www.artevideo.net\/eng\/wp-json\/wp\/v2\/pages\/3\/revisions\/1270"}],"wp:attachment":[{"href":"https:\/\/www.artevideo.net\/eng\/wp-json\/wp\/v2\/media?parent=3"}],"curies":[{"name":"wp","href":"https:\/\/api.w.org\/{rel}","templated":true}]}}